{"id":119,"date":"2019-02-19T16:45:03","date_gmt":"2019-02-19T16:45:03","guid":{"rendered":"https:\/\/radioleuchtturm.de\/?page_id=119"},"modified":"2019-02-20T12:58:55","modified_gmt":"2019-02-20T12:58:55","slug":"rockradio-de","status":"publish","type":"page","link":"https:\/\/radioleuchtturm.de\/index.php\/ueber-uns\/rockradio-de\/","title":{"rendered":"Rockradio"},"content":{"rendered":"\n<p>Besonders verbunden sind wir mit dem Sender rockradio.de.<\/p>\n\n\n\n<p>In einer Zeit, in der es f\u00fcr K\u00fcnstler immer schwerer wurde, ihre Werke jenseits eines festen Formats zu pr\u00e4sentieren, wurde rockradio.de zum Leuchtturm. Hier hatten Nachwuchsbands Chancen auf Radio-Einsatz und sogar Live-\u00dcbertragungen. Kompositionen werden unabh\u00e4ngig  von ihrer L\u00e4nge vollst\u00e4ndig ausgespielt, die Redakteure allesamt Neigungst\u00e4ter. Kein Wunder, dass Chris bevorzugt Sendungen f\u00fcr rockradio.de produziert.<br><\/p>\n\n\n\n<p><\/p>\n","protected":false},"excerpt":{"rendered":"<p>Besonders verbunden sind wir mit dem Sender rockradio.de. In einer Zeit, in der es f\u00fcr K\u00fcnstler immer schwerer wurde, ihre Werke jenseits eines festen Formats zu pr\u00e4sentieren, wurde rockradio.de zum Leuchtturm. Hier hatten Nachwuchsbands Chancen auf Radio-Einsatz und sogar Live-\u00dcbertragungen. Kompositionen werden unabh\u00e4ngig von ihrer L\u00e4nge vollst\u00e4ndig ausgespielt, die Redakteure allesamt Neigungst\u00e4ter. Kein Wunder, dass &hellip; <\/p>\n<p class=\"link-more\"><a href=\"https:\/\/radioleuchtturm.de\/index.php\/ueber-uns\/rockradio-de\/\" class=\"more-link\"><span class=\"screen-reader-text\">\u201eRockradio\u201c <\/span>weiterlesen<\/a><\/p>\n","protected":false},"author":1,"featured_media":0,"parent":18,"menu_order":2,"comment_status":"closed","ping_status":"closed","template":"","meta":{"footnotes":""},"class_list":["post-119","page","type-page","status-publish","hentry"],"_links":{"self":[{"href":"https:\/\/radioleuchtturm.de\/index.php\/wp-json\/wp\/v2\/pages\/119","targetHints":{"allow":["GET"]}}],"collection":[{"href":"https:\/\/radioleuchtturm.de\/index.php\/wp-json\/wp\/v2\/pages"}],"about":[{"href":"https:\/\/radioleuchtturm.de\/index.php\/wp-json\/wp\/v2\/types\/page"}],"author":[{"embeddable":true,"href":"https:\/\/radioleuchtturm.de\/index.php\/wp-json\/wp\/v2\/users\/1"}],"replies":[{"embeddable":true,"href":"https:\/\/radioleuchtturm.de\/index.php\/wp-json\/wp\/v2\/comments?post=119"}],"version-history":[{"count":4,"href":"https:\/\/radioleuchtturm.de\/index.php\/wp-json\/wp\/v2\/pages\/119\/revisions"}],"predecessor-version":[{"id":133,"href":"https:\/\/radioleuchtturm.de\/index.php\/wp-json\/wp\/v2\/pages\/119\/revisions\/133"}],"up":[{"embeddable":true,"href":"https:\/\/radioleuchtturm.de\/index.php\/wp-json\/wp\/v2\/pages\/18"}],"wp:attachment":[{"href":"https:\/\/radioleuchtturm.de\/index.php\/wp-json\/wp\/v2\/media?parent=119"}],"curies":[{"name":"wp","href":"https:\/\/api.w.org\/{rel}","templated":true}]}}