{"id":157,"date":"2019-05-22T19:39:37","date_gmt":"2019-05-22T19:39:37","guid":{"rendered":"https:\/\/radioleuchtturm.de\/?page_id=157"},"modified":"2019-05-22T19:39:37","modified_gmt":"2019-05-22T19:39:37","slug":"kooperationen","status":"publish","type":"page","link":"https:\/\/radioleuchtturm.de\/index.php\/kooperationen\/","title":{"rendered":"Kooperationen"},"content":{"rendered":"<p><br>\n<!--StartFragment--><\/p>\n\n\n<p>Unser Ziel ist es, Musikern und Musikerinnen ein Forum zu geben, bei denen die Gefahr besteht, dass sie im t\u00e4glichen Mainstream untergehen, z.b. weil sie nur lokal bekannt sind oder mit der Klangfarbe ihrer Musik selten betretene Pfade begehen.  Verschiedene Redaktionen und Veranstalter nutzen unser Wissen um die passende Musik f\u00fcr ihr Programm zu finden. Gerne helfen wir auch bei Interviews, Vermitteln von Medienkompetenz und Live\u00fcbertragungen. Sollten auch Sie Empfehlungen oder Unterst\u00fctzung ben\u00f6tigen, sprechen Sie uns an. Wir sind ausschliesslich nichtkommerziell aktiv, deswegen ist unsere Arbeit kostenlos. <\/p>\n\n\n<p><!--EndFragment--><br>\n<br>\n<\/p>","protected":false},"excerpt":{"rendered":"<p>Unser Ziel ist es, Musikern und Musikerinnen ein Forum zu geben, bei denen die Gefahr besteht, dass sie im t\u00e4glichen Mainstream untergehen, z.b. weil sie nur lokal bekannt sind oder mit der Klangfarbe ihrer Musik selten betretene Pfade begehen. Verschiedene Redaktionen und Veranstalter nutzen unser Wissen um die passende Musik f\u00fcr ihr Programm zu finden. &hellip; <\/p>\n<p class=\"link-more\"><a href=\"https:\/\/radioleuchtturm.de\/index.php\/kooperationen\/\" class=\"more-link\"><span class=\"screen-reader-text\">\u201eKooperationen\u201c <\/span>weiterlesen<\/a><\/p>\n","protected":false},"author":1,"featured_media":0,"parent":0,"menu_order":0,"comment_status":"closed","ping_status":"closed","template":"","meta":{"footnotes":""},"class_list":["post-157","page","type-page","status-publish","hentry"],"_links":{"self":[{"href":"https:\/\/radioleuchtturm.de\/index.php\/wp-json\/wp\/v2\/pages\/157","targetHints":{"allow":["GET"]}}],"collection":[{"href":"https:\/\/radioleuchtturm.de\/index.php\/wp-json\/wp\/v2\/pages"}],"about":[{"href":"https:\/\/radioleuchtturm.de\/index.php\/wp-json\/wp\/v2\/types\/page"}],"author":[{"embeddable":true,"href":"https:\/\/radioleuchtturm.de\/index.php\/wp-json\/wp\/v2\/users\/1"}],"replies":[{"embeddable":true,"href":"https:\/\/radioleuchtturm.de\/index.php\/wp-json\/wp\/v2\/comments?post=157"}],"version-history":[{"count":1,"href":"https:\/\/radioleuchtturm.de\/index.php\/wp-json\/wp\/v2\/pages\/157\/revisions"}],"predecessor-version":[{"id":158,"href":"https:\/\/radioleuchtturm.de\/index.php\/wp-json\/wp\/v2\/pages\/157\/revisions\/158"}],"wp:attachment":[{"href":"https:\/\/radioleuchtturm.de\/index.php\/wp-json\/wp\/v2\/media?parent=157"}],"curies":[{"name":"wp","href":"https:\/\/api.w.org\/{rel}","templated":true}]}}