{"id":19,"date":"2018-09-23T16:21:02","date_gmt":"2018-09-23T16:21:02","guid":{"rendered":"https:\/\/radioleuchtturm.de\/?page_id=19"},"modified":"2019-02-20T12:56:05","modified_gmt":"2019-02-20T12:56:05","slug":"kontakt","status":"publish","type":"page","link":"https:\/\/radioleuchtturm.de\/index.php\/kontakt\/","title":{"rendered":"Kontakt"},"content":{"rendered":"<p>Wof\u00fcr brennst du?<\/p>\n<p>Im Gespr\u00e4ch mit den Menschen lernen wir immer wieder neue, gro\u00dfartige Geschichten kennen. Begeisterung, die bereits in den Augen sichtbar ist.<\/p>\n<p>Wir m\u00f6chten in einer Zeit, in der Nachrichten viele in die Resignation dr\u00e4ngen, ein Gegengewicht darstellen. Deswegen geben wir insbesondere Menschen ein Forum, die f\u00fcr irgendeine Sache brennen. Dabei ist es uns nicht wichtig, ob es das neue Strickmuster, die Begeisterung f\u00fcr Permakultur oder eine mongolische Trash-Metal-Band ist, die in euch das Feuer entfacht. Wenn ihr f\u00fcr etwas brennt, berichten wir dar\u00fcber. Steckt uns an, rei\u00dft uns mit!<\/p>\n<p>Wir lernen t\u00e4glich neue kleine Helden kennen. Hobby-M\u00fcllsammler auf dem Deich. Ehrenamtliche Hospizarbeiter. Rettungsschwimmer im Mittelmeer. Nachbarn, die einander helfen, und Freunde, die zueinander stehen. Erz\u00e4hlt eure Geschichte. Steckt uns an, rei\u00dft uns mit!<\/p>\n","protected":false},"excerpt":{"rendered":"<p>Wof\u00fcr brennst du? Im Gespr\u00e4ch mit den Menschen lernen wir immer wieder neue, gro\u00dfartige Geschichten kennen. Begeisterung, die bereits in den Augen sichtbar ist. Wir m\u00f6chten in einer Zeit, in der Nachrichten viele in die Resignation dr\u00e4ngen, ein Gegengewicht darstellen. Deswegen geben wir insbesondere Menschen ein Forum, die f\u00fcr irgendeine Sache brennen. Dabei ist es &hellip; <\/p>\n<p class=\"link-more\"><a href=\"https:\/\/radioleuchtturm.de\/index.php\/kontakt\/\" class=\"more-link\"><span class=\"screen-reader-text\">\u201eKontakt\u201c <\/span>weiterlesen<\/a><\/p>\n","protected":false},"author":1,"featured_media":0,"parent":0,"menu_order":0,"comment_status":"closed","ping_status":"closed","template":"","meta":{"footnotes":""},"class_list":["post-19","page","type-page","status-publish","hentry"],"_links":{"self":[{"href":"https:\/\/radioleuchtturm.de\/index.php\/wp-json\/wp\/v2\/pages\/19","targetHints":{"allow":["GET"]}}],"collection":[{"href":"https:\/\/radioleuchtturm.de\/index.php\/wp-json\/wp\/v2\/pages"}],"about":[{"href":"https:\/\/radioleuchtturm.de\/index.php\/wp-json\/wp\/v2\/types\/page"}],"author":[{"embeddable":true,"href":"https:\/\/radioleuchtturm.de\/index.php\/wp-json\/wp\/v2\/users\/1"}],"replies":[{"embeddable":true,"href":"https:\/\/radioleuchtturm.de\/index.php\/wp-json\/wp\/v2\/comments?post=19"}],"version-history":[{"count":4,"href":"https:\/\/radioleuchtturm.de\/index.php\/wp-json\/wp\/v2\/pages\/19\/revisions"}],"predecessor-version":[{"id":130,"href":"https:\/\/radioleuchtturm.de\/index.php\/wp-json\/wp\/v2\/pages\/19\/revisions\/130"}],"wp:attachment":[{"href":"https:\/\/radioleuchtturm.de\/index.php\/wp-json\/wp\/v2\/media?parent=19"}],"curies":[{"name":"wp","href":"https:\/\/api.w.org\/{rel}","templated":true}]}}