{"id":49,"date":"2018-09-30T13:40:11","date_gmt":"2018-09-30T13:40:11","guid":{"rendered":"https:\/\/radioleuchtturm.de\/?page_id=49"},"modified":"2019-02-20T12:57:45","modified_gmt":"2019-02-20T12:57:45","slug":"pflegenetzwerk","status":"publish","type":"page","link":"https:\/\/radioleuchtturm.de\/index.php\/pflegenetzwerk\/","title":{"rendered":"Pflegenetzwerk"},"content":{"rendered":"<p>Einem weiteren ehrenamtlichen Projekt, bei dem wir engagiert sind, m\u00f6chten wir hier etwas Raum geben. Ein Freundeskreis hat den Verein &#8222;Pflegenetzwerk&#8220; gegr\u00fcndet.<\/p>\n<p>Der Hauptzweck des Vereins ist, dass Menschen ein Hilfegesuch \u00fcber die Mailingliste \u00e4u\u00dfern d\u00fcrfen. Damit werden viele potentielle Helfer informiert, ohne dass sozialer Druck aufgebaut wird.<\/p>\n<p>Der Nebenzweck des Vereins ist es, Menschen in akuter pflegerischer Notlage durch die Mitgliedsbeitr\u00e4ge zu unterst\u00fctzen.<\/p>\n","protected":false},"excerpt":{"rendered":"<p>Einem weiteren ehrenamtlichen Projekt, bei dem wir engagiert sind, m\u00f6chten wir hier etwas Raum geben. Ein Freundeskreis hat den Verein &#8222;Pflegenetzwerk&#8220; gegr\u00fcndet. Der Hauptzweck des Vereins ist, dass Menschen ein Hilfegesuch \u00fcber die Mailingliste \u00e4u\u00dfern d\u00fcrfen. Damit werden viele potentielle Helfer informiert, ohne dass sozialer Druck aufgebaut wird. Der Nebenzweck des Vereins ist es, Menschen &hellip; <\/p>\n<p class=\"link-more\"><a href=\"https:\/\/radioleuchtturm.de\/index.php\/pflegenetzwerk\/\" class=\"more-link\"><span class=\"screen-reader-text\">\u201ePflegenetzwerk\u201c <\/span>weiterlesen<\/a><\/p>\n","protected":false},"author":1,"featured_media":0,"parent":0,"menu_order":0,"comment_status":"closed","ping_status":"closed","template":"","meta":{"footnotes":""},"class_list":["post-49","page","type-page","status-publish","hentry"],"_links":{"self":[{"href":"https:\/\/radioleuchtturm.de\/index.php\/wp-json\/wp\/v2\/pages\/49","targetHints":{"allow":["GET"]}}],"collection":[{"href":"https:\/\/radioleuchtturm.de\/index.php\/wp-json\/wp\/v2\/pages"}],"about":[{"href":"https:\/\/radioleuchtturm.de\/index.php\/wp-json\/wp\/v2\/types\/page"}],"author":[{"embeddable":true,"href":"https:\/\/radioleuchtturm.de\/index.php\/wp-json\/wp\/v2\/users\/1"}],"replies":[{"embeddable":true,"href":"https:\/\/radioleuchtturm.de\/index.php\/wp-json\/wp\/v2\/comments?post=49"}],"version-history":[{"count":4,"href":"https:\/\/radioleuchtturm.de\/index.php\/wp-json\/wp\/v2\/pages\/49\/revisions"}],"predecessor-version":[{"id":131,"href":"https:\/\/radioleuchtturm.de\/index.php\/wp-json\/wp\/v2\/pages\/49\/revisions\/131"}],"wp:attachment":[{"href":"https:\/\/radioleuchtturm.de\/index.php\/wp-json\/wp\/v2\/media?parent=49"}],"curies":[{"name":"wp","href":"https:\/\/api.w.org\/{rel}","templated":true}]}}